{"id":61,"date":"2024-04-06T17:11:11","date_gmt":"2024-04-06T15:11:11","guid":{"rendered":"https:\/\/chatslounge.pet\/?page_id=61"},"modified":"2024-06-29T14:11:15","modified_gmt":"2024-06-29T12:11:15","slug":"qui-sommes-nous","status":"publish","type":"page","link":"https:\/\/chatslounge.pet\/index.php\/qui-sommes-nous\/","title":{"rendered":"Qui Sommes Nous"},"content":{"rendered":"\t\t<div data-elementor-type=\"wp-page\" data-elementor-id=\"61\" class=\"elementor elementor-61\" data-elementor-post-type=\"page\">\n\t\t\t\t<div class=\"elementor-element elementor-element-37b30e4 e-flex e-con-boxed e-con e-parent\" data-id=\"37b30e4\" data-element_type=\"container\" data-e-type=\"container\">\n\t\t\t\t\t<div class=\"e-con-inner\">\n\t\t\t\t<div class=\"elementor-element elementor-element-a34b6d1 elementor-widget elementor-widget-text-editor\" data-id=\"a34b6d1\" data-element_type=\"widget\" data-e-type=\"widget\" data-widget_type=\"text-editor.default\">\n\t\t\t\t<div class=\"elementor-widget-container\">\n\t\t\t\t\t\t\t\t\t<p>Bienvenue chez <strong>Les Chats Lounge <\/strong>! Un \u00e9levage familial situ\u00e9 en plein c\u0153ur de Paris o\u00f9 nos avons \u00e0 c\u0153ur non seulement d&#8217;\u00e9duquer nos chatons sp\u00e9cifiquement pour la vie en appartement mais surtout de les rendre d&#8217;une douceur rare. <br \/>Ainsi avons le plaisir de vous faire d\u00e9couvrir notre amour pour ces merveilleux f\u00e9lins avec vous&#8230;<\/p><p>Depuis mon enfance, j&#8217;ai grandi entour\u00e9 de chats, au sein de l&#8217;\u00e9levage familial de mes parents. Les chats ont toujours \u00e9t\u00e9 une partie int\u00e9grante de ma vie, et je ne peux m&#8217;imaginer vivre sans eux. Cette passion m&#8217;a naturellement conduit \u00e0 poursuivre cette tradition familiale en cr\u00e9ant <strong>Les Chats Lounge<\/strong>. J&#8217;ai alors dans un premier temps pass\u00e9 l&#8217;ACACED, un examen Attestant les Connaissances pour les Animaux de Compagnie d\u2019Esp\u00e8ces Domestiques \u00e0 tout juste 20 ans. <br \/>Puis je me suis alors \u00e0 mon tour mise \u00e0 l&#8217;\u00e9levage en tant que particulier, entour\u00e9 de mes parents.<br \/>Ici, nous \u00e9levons nos adorables Norv\u00e9giens avec amour et d\u00e9vouement, en famille, pour qu&#8217;ils deviennent des compagnons d&#8217;int\u00e9rieur parfaits.<\/p><p>Nos chats Norv\u00e9giens, avec leur magnifique pelage long et leur nature douce et affectueuse, sont \u00e9lev\u00e9s dans un environnement chaleureux et stimulant. D\u00e8s leur naissance, nous leur offrons toute notre attention et notre amour. Nous les manipulons chaque jour pour qu&#8217;ils d\u00e9veloppent un lien fort avec l&#8217;humain, devenant ainsi des compagnons c\u00e2lins, sociables et respectueux du mobilier par leur mode de vie puisqu&#8217;il grandissent avec nous en appartement.<\/p><p>Chaque chaton que nous accueillons est pour nous un membre de la famille. Nous mettons tout notre c\u0153ur \u00e0 leur offrir une vie pleine de tendresse et de soins. Nos chats sont \u00e9lev\u00e9s pour \u00eatre heureux en appartement, apportant ainsi une pr\u00e9sence r\u00e9confortante et aimante \u00e0 leurs futurs foyers.<\/p><p>Si notre mode d&#8217;\u00e9ducation vous parle alors n&#8217;h\u00e9sitez pas \u00e0 nous contacter : venez d\u00e9couvrir notre univers et rencontrer nos fabuleux Norv\u00e9giens.<\/p><p>\u00a0<\/p><p>Pour plus de renseignements n&#8217;h\u00e9sitez pas \u00e0 vous rendre sur la page contact.<\/p>\t\t\t\t\t\t\t\t<\/div>\n\t\t\t\t<\/div>\n\t\t\t\t\t<\/div>\n\t\t\t\t<\/div>\n\t\t\t\t<\/div>\n\t\t","protected":false},"excerpt":{"rendered":"<p>Bienvenue chez Les Chats Lounge ! Un \u00e9levage familial situ\u00e9 en plein c\u0153ur de Paris o\u00f9 nos avons \u00e0 c\u0153ur non seulement d&#8217;\u00e9duquer nos chatons sp\u00e9cifiquement pour la vie en appartement mais surtout de les rendre d&#8217;une douceur rare. Ainsi avons le plaisir de vous faire d\u00e9couvrir notre amour pour ces merveilleux f\u00e9lins avec vous&#8230; [&hellip;]<\/p>\n","protected":false},"author":1,"featured_media":0,"parent":0,"menu_order":0,"comment_status":"closed","ping_status":"closed","template":"","meta":{"footnotes":""},"class_list":["post-61","page","type-page","status-publish","hentry"],"_links":{"self":[{"href":"https:\/\/chatslounge.pet\/index.php\/wp-json\/wp\/v2\/pages\/61","targetHints":{"allow":["GET"]}}],"collection":[{"href":"https:\/\/chatslounge.pet\/index.php\/wp-json\/wp\/v2\/pages"}],"about":[{"href":"https:\/\/chatslounge.pet\/index.php\/wp-json\/wp\/v2\/types\/page"}],"author":[{"embeddable":true,"href":"https:\/\/chatslounge.pet\/index.php\/wp-json\/wp\/v2\/users\/1"}],"replies":[{"embeddable":true,"href":"https:\/\/chatslounge.pet\/index.php\/wp-json\/wp\/v2\/comments?post=61"}],"version-history":[{"count":16,"href":"https:\/\/chatslounge.pet\/index.php\/wp-json\/wp\/v2\/pages\/61\/revisions"}],"predecessor-version":[{"id":301,"href":"https:\/\/chatslounge.pet\/index.php\/wp-json\/wp\/v2\/pages\/61\/revisions\/301"}],"wp:attachment":[{"href":"https:\/\/chatslounge.pet\/index.php\/wp-json\/wp\/v2\/media?parent=61"}],"curies":[{"name":"wp","href":"https:\/\/api.w.org\/{rel}","templated":true}]}}