{"id":51,"date":"2024-03-27T14:13:30","date_gmt":"2024-03-27T13:13:30","guid":{"rendered":"https:\/\/chatslounge.pet\/?page_id=51"},"modified":"2024-07-06T19:55:36","modified_gmt":"2024-07-06T17:55:36","slug":"ronrontherapie","status":"publish","type":"page","link":"https:\/\/chatslounge.pet\/index.php\/ronrontherapie\/","title":{"rendered":"Ronronth\u00e9rapie"},"content":{"rendered":"\t\t<div data-elementor-type=\"wp-page\" data-elementor-id=\"51\" class=\"elementor elementor-51\" data-elementor-post-type=\"page\">\n\t\t\t\t<div class=\"elementor-element elementor-element-c2e0751 e-flex e-con-boxed e-con e-parent\" data-id=\"c2e0751\" data-element_type=\"container\" data-e-type=\"container\">\n\t\t\t\t\t<div class=\"e-con-inner\">\n\t\t\t\t<div class=\"elementor-element elementor-element-42d9afa elementor-widget elementor-widget-text-editor\" data-id=\"42d9afa\" data-element_type=\"widget\" data-e-type=\"widget\" data-widget_type=\"text-editor.default\">\n\t\t\t\t<div class=\"elementor-widget-container\">\n\t\t\t\t\t\t\t\t\t<p>La ronronth\u00e9rapie, \u00e9galement connue sous le nom de th\u00e9rapie par les ronronnements, est une m\u00e9thode naturelle et apaisante pour r\u00e9duire le stress et l&#8217;anxi\u00e9t\u00e9. Vous h\u00e9sitez \u00e0 adoptez et souhaitez venir rencontrer nos chatons dans un cadre zen et confortable ? Ou bien vous avez envie de vous relaxer autour d&#8217;une exp\u00e9rience unique ? Laissez vous tentez par une s\u00e9ances de ronronth\u00e9rapie en compagnie de nos merveilleux chats norv\u00e9giens.<\/p><p><strong>Qu&#8217;est-ce que la Ronronth\u00e9rapie ?<\/strong><br \/>La ronronth\u00e9rapie exploite les vibrations et les sons des ronronnements de chats pour induire un \u00e9tat de relaxation et de bien-\u00eatre chez les humains. Des \u00e9tudes ont montr\u00e9 que les ronronnements de chats peuvent aider \u00e0 r\u00e9duire la tension art\u00e9rielle, diminuer le stress et am\u00e9liorer l&#8217;humeur.<\/p><p><strong>Nos S\u00e9ances de Ronronth\u00e9rapie<\/strong><br \/>Lors de nos s\u00e9ances de ronronth\u00e9rapie, vous serez entour\u00e9 de nos chatons et leur parents, confortablement install\u00e9s dans un environnement calme et apaisant. Nos chats de leur caract\u00e8re doux et particuli\u00e8rement c\u00e2lins saurons vous mettre \u00e0 l&#8217;aise.<\/p><p><strong>Avantages de la Ronronth\u00e9rapie<\/strong><br \/><strong>&#8211; R\u00e9duction du stress :<\/strong> Les vibrations des ronronnements ont un effet calmant sur le syst\u00e8me nerveux.<br \/><strong>&#8211; Am\u00e9lioration de l&#8217;humeur :<\/strong> La pr\u00e9sence des chats et leurs ronronnements peuvent stimuler la production de s\u00e9rotonine, l&#8217;hormone du bonheur.<br \/><strong>&#8211; Relaxation profonde :<\/strong> Les s\u00e9ances permettent de se d\u00e9tendre pleinement, loin du stress quotidien.<\/p><p>Nos s\u00e9ances de ronronth\u00e9rapie sont disponibles uniquement sur rendez-vous. Pour plus de renseignements et pour conna\u00eetre nos tarifs, merci de nous contacter au : [num\u00e9ro de t\u00e9l\u00e9phone] ou par e-mail \u00e0 : [adresse e-mail].<\/p>\t\t\t\t\t\t\t\t<\/div>\n\t\t\t\t<\/div>\n\t\t\t\t\t<\/div>\n\t\t\t\t<\/div>\n\t\t\t\t<\/div>\n\t\t","protected":false},"excerpt":{"rendered":"<p>La ronronth\u00e9rapie, \u00e9galement connue sous le nom de th\u00e9rapie par les ronronnements, est une m\u00e9thode naturelle et apaisante pour r\u00e9duire le stress et l&#8217;anxi\u00e9t\u00e9. Vous h\u00e9sitez \u00e0 adoptez et souhaitez venir rencontrer nos chatons dans un cadre zen et confortable ? Ou bien vous avez envie de vous relaxer autour d&#8217;une exp\u00e9rience unique ? Laissez [&hellip;]<\/p>\n","protected":false},"author":1,"featured_media":0,"parent":0,"menu_order":0,"comment_status":"closed","ping_status":"closed","template":"","meta":{"footnotes":""},"class_list":["post-51","page","type-page","status-publish","hentry"],"_links":{"self":[{"href":"https:\/\/chatslounge.pet\/index.php\/wp-json\/wp\/v2\/pages\/51","targetHints":{"allow":["GET"]}}],"collection":[{"href":"https:\/\/chatslounge.pet\/index.php\/wp-json\/wp\/v2\/pages"}],"about":[{"href":"https:\/\/chatslounge.pet\/index.php\/wp-json\/wp\/v2\/types\/page"}],"author":[{"embeddable":true,"href":"https:\/\/chatslounge.pet\/index.php\/wp-json\/wp\/v2\/users\/1"}],"replies":[{"embeddable":true,"href":"https:\/\/chatslounge.pet\/index.php\/wp-json\/wp\/v2\/comments?post=51"}],"version-history":[{"count":7,"href":"https:\/\/chatslounge.pet\/index.php\/wp-json\/wp\/v2\/pages\/51\/revisions"}],"predecessor-version":[{"id":394,"href":"https:\/\/chatslounge.pet\/index.php\/wp-json\/wp\/v2\/pages\/51\/revisions\/394"}],"wp:attachment":[{"href":"https:\/\/chatslounge.pet\/index.php\/wp-json\/wp\/v2\/media?parent=51"}],"curies":[{"name":"wp","href":"https:\/\/api.w.org\/{rel}","templated":true}]}}