{"id":49,"date":"2024-03-27T14:12:38","date_gmt":"2024-03-27T13:12:38","guid":{"rendered":"https:\/\/chatslounge.pet\/?page_id=49"},"modified":"2024-07-06T19:53:13","modified_gmt":"2024-07-06T17:53:13","slug":"cat-sitting","status":"publish","type":"page","link":"https:\/\/chatslounge.pet\/index.php\/cat-sitting\/","title":{"rendered":"Cat Sitting"},"content":{"rendered":"\t\t<div data-elementor-type=\"wp-page\" data-elementor-id=\"49\" class=\"elementor elementor-49\" data-elementor-post-type=\"page\">\n\t\t\t\t<div class=\"elementor-element elementor-element-79c9233 e-flex e-con-boxed e-con e-parent\" data-id=\"79c9233\" data-element_type=\"container\" data-e-type=\"container\">\n\t\t\t\t\t<div class=\"e-con-inner\">\n\t\t\t\t<div class=\"elementor-element elementor-element-2903d74 elementor-widget elementor-widget-text-editor\" data-id=\"2903d74\" data-element_type=\"widget\" data-e-type=\"widget\" data-widget_type=\"text-editor.default\">\n\t\t\t\t<div class=\"elementor-widget-container\">\n\t\t\t\t\t\t\t\t\t<p>Lorsque vous devez vous absenter, confiez moi la garde de votre chat en toute s\u00e9r\u00e9nit\u00e9, de plus, cela nous fait toujours tr\u00e8s plaisir de revoir nos petits petits prot\u00e9g\u00e9s que nous avons \u00e9lev\u00e9 ! Cependant je garde \u00e9galement des chats externes \u00e0 notre \u00e9levage. <br \/>Je propose plusieurs formules de cat sitting \u00e0 domicile pour assurer que votre compagnon re\u00e7oit toute l&#8217;attention et les soins n\u00e9cessaires pendant votre absence.<\/p><p><strong>Comment Est Ce Que Je Proc\u00e8de<\/strong><br \/>Un chat a besoin de beaucoup d\u2019attention, de c\u00e2lins, mais surtout de pr\u00e9sence. C\u2019est pourquoi je vous propose deux options de passages :<\/p><p><strong>Les types de Cat Sitting<\/strong><br \/>Je propose des visites flexibles pour r\u00e9pondre aux besoins sp\u00e9cifiques de chaque propri\u00e9taire et de chaque chat. Je recommande malgr\u00e9 tout une dur\u00e9e de 2 heures pour que votre chat ne se sente pas trop seul.<br \/>Les diff\u00e9rentes visites sont :<\/p><p><strong>&#8211; Unique Visite quotidienne :<\/strong> Une visite par jour d&#8217;une heure pour nourrir, jouer et prendre soin de votre chat.<br \/><strong>&#8211; Visites bi-quotidiennes ou une dite &#8220;compl\u00e8te&#8221; :<\/strong> Deux visites compos\u00e9es d&#8217;un premier passage d\u2019une heure le matin et un second d\u2019une heure le soir, ou bien directement 2h en milieu de journ\u00e9e.<\/p><p><strong>Nos Engagements<\/strong><br \/><strong>&#8211; Entretien et soins :<\/strong> Changer l\u2019eau, nettoyer les liti\u00e8res, couper les griffes si besoin, et nourrir votre chat avec de la p\u00e2t\u00e9e le matin et\/ou le soir.<br \/><strong>&#8211; Interaction et jeu :<\/strong> Offrir des c\u00e2lins et des sessions de jeu pour maintenir votre chat heureux et actif.<br \/><strong>&#8211; Communication :<\/strong> Vous envoyer des nouvelles et de belles photos de votre chat en votre absence.<br \/><strong>&#8211; S\u00e9curit\u00e9 et bien-\u00eatre :<\/strong> Surveillance r\u00e9guli\u00e8re pour s&#8217;assurer que votre chat est en bonne sant\u00e9 et en s\u00e9curit\u00e9.<br \/><strong>&#8211; Petit plus qui fait plaisir : <\/strong>J&#8217;arrose vos plantes si vous le souhaitez.<\/p><p><strong>Pourquoi Choisir Une Garde A Domicile Avec Moi Plutot qu&#8217;un hotel \u00e0 chats ?<\/strong><br \/>Le changement de lieu pour un chat est un vrai stress, surtout si il est seul sans ses ma\u00eetres pour une dur\u00e9e cons\u00e9quentes, de plus ces lieux sont souvent propices aux maladies et parasites. Ainsi, il sera beaucoup plus \u00e0 l&#8217;aise chez vous m\u00eame. Mon odeurs lui est famili\u00e8re, ayant moi m\u00eame \u00e9lev\u00e9 votre petit, nous nous connaissons d\u00e9j\u00e0 tout deux. En rajoutant \u00e0 cela mes connaissances par mon dipl\u00f4me, ma passion pour les chats et mon exp\u00e9rience d&#8217;\u00e9leveuse depuis mon plus jeune \u00e2ge, je vous garantis que votre chat sera entre de bonne mains.<\/p><p>Les tarifs se font \u00e0 l&#8217;heure, pour plus de renseignements et pour conna\u00eetre nos tarifs, merci de nous contacter au : [num\u00e9ro de t\u00e9l\u00e9phone] ou par e-mail \u00e0 : [adresse e-mail]. <br \/>Si nous ne r\u00e9pondons pas, laissez nous un message vocal sur notre messagerie ou bien par sms concernant votre requ\u00eate et nous vous ferons un plaisir de vous r\u00e9pondre.<\/p>\t\t\t\t\t\t\t\t<\/div>\n\t\t\t\t<\/div>\n\t\t\t\t\t<\/div>\n\t\t\t\t<\/div>\n\t\t\t\t<\/div>\n\t\t","protected":false},"excerpt":{"rendered":"<p>Lorsque vous devez vous absenter, confiez moi la garde de votre chat en toute s\u00e9r\u00e9nit\u00e9, de plus, cela nous fait toujours tr\u00e8s plaisir de revoir nos petits petits prot\u00e9g\u00e9s que nous avons \u00e9lev\u00e9 ! Cependant je garde \u00e9galement des chats externes \u00e0 notre \u00e9levage. Je propose plusieurs formules de cat sitting \u00e0 domicile pour assurer [&hellip;]<\/p>\n","protected":false},"author":1,"featured_media":0,"parent":0,"menu_order":0,"comment_status":"closed","ping_status":"closed","template":"","meta":{"footnotes":""},"class_list":["post-49","page","type-page","status-publish","hentry"],"_links":{"self":[{"href":"https:\/\/chatslounge.pet\/index.php\/wp-json\/wp\/v2\/pages\/49","targetHints":{"allow":["GET"]}}],"collection":[{"href":"https:\/\/chatslounge.pet\/index.php\/wp-json\/wp\/v2\/pages"}],"about":[{"href":"https:\/\/chatslounge.pet\/index.php\/wp-json\/wp\/v2\/types\/page"}],"author":[{"embeddable":true,"href":"https:\/\/chatslounge.pet\/index.php\/wp-json\/wp\/v2\/users\/1"}],"replies":[{"embeddable":true,"href":"https:\/\/chatslounge.pet\/index.php\/wp-json\/wp\/v2\/comments?post=49"}],"version-history":[{"count":16,"href":"https:\/\/chatslounge.pet\/index.php\/wp-json\/wp\/v2\/pages\/49\/revisions"}],"predecessor-version":[{"id":382,"href":"https:\/\/chatslounge.pet\/index.php\/wp-json\/wp\/v2\/pages\/49\/revisions\/382"}],"wp:attachment":[{"href":"https:\/\/chatslounge.pet\/index.php\/wp-json\/wp\/v2\/media?parent=49"}],"curies":[{"name":"wp","href":"https:\/\/api.w.org\/{rel}","templated":true}]}}