{"id":43,"date":"2024-03-21T18:39:50","date_gmt":"2024-03-21T17:39:50","guid":{"rendered":"https:\/\/chatslounge.pet\/?page_id=43"},"modified":"2024-07-06T22:36:05","modified_gmt":"2024-07-06T20:36:05","slug":"contact","status":"publish","type":"page","link":"https:\/\/chatslounge.pet\/index.php\/contact\/","title":{"rendered":"Contact"},"content":{"rendered":"\t\t<div data-elementor-type=\"wp-page\" data-elementor-id=\"43\" class=\"elementor elementor-43\" data-elementor-post-type=\"page\">\n\t\t\t\t<div class=\"elementor-element elementor-element-83d3900 e-flex e-con-boxed e-con e-parent\" data-id=\"83d3900\" data-element_type=\"container\" data-e-type=\"container\">\n\t\t\t\t\t<div class=\"e-con-inner\">\n\t\t\t\t<div class=\"elementor-element elementor-element-2508c48 elementor-widget__width-initial elementor-widget elementor-widget-text-editor\" data-id=\"2508c48\" data-element_type=\"widget\" data-e-type=\"widget\" data-widget_type=\"text-editor.default\">\n\t\t\t\t<div class=\"elementor-widget-container\">\n\t\t\t\t\t\t\t\t\t<p>Nous serions ravis de r\u00e9pondre \u00e0 toutes vos questions et de discuter de vos besoins en mati\u00e8re d&#8217;adoption de chatons si vous avez \u00e9t\u00e9 charm\u00e9 par notre mode d&#8217;\u00e9ducation, la race ou bien que vous ayez tout simplement envie d&#8217;agrandir votre famille. N&#8217;h\u00e9sitez pas \u00e0 nous contacter !<\/p><ul><li><span style=\"text-decoration: underline;\"><strong>Nos Coordonn\u00e9es :<\/strong><\/span><p><span style=\"text-decoration: underline;\"><strong>T\u00e9l\u00e9phone :<\/strong><\/span> <strong>+33 6 32 01 80 10 <br \/><\/strong><em>Etant un \u00e9levage familial, vous serez en contact avec un de nous trois tous \u00e9leveur.<\/em><\/p><\/li><\/ul><p><span style=\"text-decoration: underline;\"><em>Horaires de disponibilit\u00e9 pour les appels t\u00e9l\u00e9phoniques :<\/em><\/span><\/p><p>Nous sommes disponibles pour r\u00e9pondre \u00e0 vos appels et e-mails <strong>touts les jours de 10h \u00e0 19h<\/strong>.<br \/>Si nous ne r\u00e9pondons pas, <strong>laissez nous un message<\/strong> sur notre bo\u00eete vocal ou envoyez-nous un sms expliquant votre requ\u00eate, <strong>nous y r\u00e9pondrons dans les plus bref d\u00e9lais<\/strong>.<\/p>\t\t\t\t\t\t\t\t<\/div>\n\t\t\t\t<\/div>\n\t\t\t\t\t<\/div>\n\t\t\t\t<\/div>\n\t\t<div class=\"elementor-element elementor-element-19335aa e-flex e-con-boxed e-con e-parent\" data-id=\"19335aa\" data-element_type=\"container\" data-e-type=\"container\">\n\t\t\t\t\t<div class=\"e-con-inner\">\n\t\t\t\t<div class=\"elementor-element elementor-element-1c9f03f elementor-widget__width-initial elementor-widget elementor-widget-text-editor\" data-id=\"1c9f03f\" data-element_type=\"widget\" data-e-type=\"widget\" data-widget_type=\"text-editor.default\">\n\t\t\t\t<div class=\"elementor-widget-container\">\n\t\t\t\t\t\t\t\t\t<ul>\n<li><span style=\"text-decoration: underline;\"><strong>Formulaire de Contact :<\/strong><\/span><br>Pour plus de commodit\u00e9, vous pouvez \u00e9galement remplir le formulaire ci-dessous et nous vous r\u00e9pondrons&nbsp;le plus t\u00f4t possible.<\/li>\n<\/ul>\t\t\t\t\t\t\t\t<\/div>\n\t\t\t\t<\/div>\n\t\t\t\t\t<\/div>\n\t\t\t\t<\/div>\n\t\t<div class=\"elementor-element elementor-element-6376f9b e-flex e-con-boxed e-con e-parent\" data-id=\"6376f9b\" data-element_type=\"container\" data-e-type=\"container\">\n\t\t\t\t\t<div class=\"e-con-inner\">\n\t\t\t\t<div class=\"elementor-element elementor-element-7759d2d elementor-button-align-stretch elementor-widget elementor-widget-form\" data-id=\"7759d2d\" data-element_type=\"widget\" data-e-type=\"widget\" data-settings=\"{&quot;step_next_label&quot;:&quot;Next&quot;,&quot;step_previous_label&quot;:&quot;Previous&quot;,&quot;button_width&quot;:&quot;100&quot;,&quot;step_type&quot;:&quot;number_text&quot;,&quot;step_icon_shape&quot;:&quot;circle&quot;}\" data-widget_type=\"form.default\">\n\t\t\t\t<div class=\"elementor-widget-container\">\n\t\t\t\t\t\t\t<form class=\"elementor-form\" method=\"post\" name=\"New Form\">\n\t\t\t<input type=\"hidden\" name=\"post_id\" value=\"43\"\/>\n\t\t\t<input type=\"hidden\" name=\"form_id\" value=\"7759d2d\"\/>\n\t\t\t<input type=\"hidden\" name=\"referer_title\" value=\"Contact\" \/>\n\n\t\t\t\t\t\t\t<input type=\"hidden\" name=\"queried_id\" value=\"43\"\/>\n\t\t\t\n\t\t\t<div class=\"elementor-form-fields-wrapper elementor-labels-above\">\n\t\t\t\t\t\t\t\t<div class=\"elementor-field-type-text elementor-field-group elementor-column elementor-field-group-name elementor-col-100\">\n\t\t\t\t\t\t\t\t\t\t\t\t<label for=\"form-field-name\" class=\"elementor-field-label\">\n\t\t\t\t\t\t\t\tNom et Pr\u00e9nom\t\t\t\t\t\t\t<\/label>\n\t\t\t\t\t\t\t\t\t\t\t\t\t\t<input size=\"1\" type=\"text\" name=\"form_fields[name]\" id=\"form-field-name\" class=\"elementor-field elementor-size-sm  elementor-field-textual\" placeholder=\"NOM Pr\u00e9nom\">\n\t\t\t\t\t\t\t\t\t\t\t<\/div>\n\t\t\t\t\t\t\t\t<div class=\"elementor-field-type-email elementor-field-group elementor-column elementor-field-group-email elementor-col-100 elementor-field-required\">\n\t\t\t\t\t\t\t\t\t\t\t\t<label for=\"form-field-email\" class=\"elementor-field-label\">\n\t\t\t\t\t\t\t\tEmail\t\t\t\t\t\t\t<\/label>\n\t\t\t\t\t\t\t\t\t\t\t\t\t\t<input size=\"1\" type=\"email\" name=\"form_fields[email]\" id=\"form-field-email\" class=\"elementor-field elementor-size-sm  elementor-field-textual\" placeholder=\"exemple@mail.com\" required=\"required\">\n\t\t\t\t\t\t\t\t\t\t\t<\/div>\n\t\t\t\t\t\t\t\t<div class=\"elementor-field-type-textarea elementor-field-group elementor-column elementor-field-group-message elementor-col-100 elementor-field-required\">\n\t\t\t\t\t\t\t\t\t\t\t\t<label for=\"form-field-message\" class=\"elementor-field-label\">\n\t\t\t\t\t\t\t\tMessage\t\t\t\t\t\t\t<\/label>\n\t\t\t\t\t\t<textarea class=\"elementor-field-textual elementor-field  elementor-size-sm\" name=\"form_fields[message]\" id=\"form-field-message\" rows=\"4\" placeholder=\"Bonjour, je souhaiterais discuter avec vous d&#039;une r\u00e9servation sur la prochaine porter d&#039;Alice... Merci de pr\u00e9cisez un maximum d&#039;information concernant le profil du chaton souhaitez si vous rechercher un profil type (MERE, SEXE, COULEUR...) ainsi que sur vous et son nouvel environnement (TYPE D&#039;HABITATION, NOMBRE DE M\u00b2...)\" required=\"required\"><\/textarea>\t\t\t\t<\/div>\n\t\t\t\t\t\t\t\t<div class=\"elementor-field-group elementor-column elementor-field-type-submit elementor-col-100 e-form__buttons\">\n\t\t\t\t\t<button class=\"elementor-button elementor-size-sm\" type=\"submit\">\n\t\t\t\t\t\t<span class=\"elementor-button-content-wrapper\">\n\t\t\t\t\t\t\t\t\t\t\t\t\t\t\t\t\t\t\t\t\t\t<span class=\"elementor-button-text\">Envoyer<\/span>\n\t\t\t\t\t\t\t\t\t\t\t\t\t<\/span>\n\t\t\t\t\t<\/button>\n\t\t\t\t<\/div>\n\t\t\t<\/div>\n\t\t<\/form>\n\t\t\t\t\t\t<\/div>\n\t\t\t\t<\/div>\n\t\t\t\t\t<\/div>\n\t\t\t\t<\/div>\n\t\t<div class=\"elementor-element elementor-element-dff6436 e-flex e-con-boxed e-con e-parent\" data-id=\"dff6436\" data-element_type=\"container\" data-e-type=\"container\">\n\t\t\t\t\t<div class=\"e-con-inner\">\n\t\t<div class=\"elementor-element elementor-element-3817c4c e-con-full e-flex e-con e-child\" data-id=\"3817c4c\" data-element_type=\"container\" data-e-type=\"container\">\n\t\t\t\t<div class=\"elementor-element elementor-element-0b5eb8d elementor-widget__width-initial elementor-widget elementor-widget-text-editor\" data-id=\"0b5eb8d\" data-element_type=\"widget\" data-e-type=\"widget\" data-widget_type=\"text-editor.default\">\n\t\t\t\t<div class=\"elementor-widget-container\">\n\t\t\t\t\t\t\t\t\t<ul><li><span style=\"text-decoration: underline;\"><strong>O\u00f9 nous trouver :\u00a0<\/strong><\/span><br \/><strong>Les Chats Lounge | La NATTE \u00e0 CHATS<\/strong><br \/>285 Rue de Vaugirard, 75015 Paris, France<p>Nous recevons uniquement sur rendez-vous.<\/p><\/li><\/ul><div>\u00a0<\/div><div>\u00a0<\/div>\t\t\t\t\t\t\t\t<\/div>\n\t\t\t\t<\/div>\n\t\t\t\t<div class=\"elementor-element elementor-element-c58000f elementor-widget__width-initial elementor-widget elementor-widget-text-editor\" data-id=\"c58000f\" data-element_type=\"widget\" data-e-type=\"widget\" data-widget_type=\"text-editor.default\">\n\t\t\t\t<div class=\"elementor-widget-container\">\n\t\t\t\t\t\t\t\t\t<ul><li><span style=\"text-decoration: underline;\"><strong>Suivez-nous sur les r\u00e9seaux sociaux :<\/strong><\/span><br \/>Restez inform\u00e9 de nos derni\u00e8res nouvelles, port\u00e9es de chatons, et \u00e9v\u00e9nements en nous suivant sur nos r\u00e9seaux sociaux ou abonnez-vous \u00e0 notre newletters (promis, pas de spam) :<\/li><li><strong>Instagram<\/strong> : <strong>@leschatslounge\u00a0<\/strong> |\u00a0<strong> @lanatteachats<\/strong><\/li><li><strong>S&#8217;abonner \u00e0 la Newsletter<\/strong><\/li><\/ul>\t\t\t\t\t\t\t\t<\/div>\n\t\t\t\t<\/div>\n\t\t\t\t<\/div>\n\t\t<div class=\"elementor-element elementor-element-ede6b61 e-con-full e-flex e-con e-child\" data-id=\"ede6b61\" data-element_type=\"container\" data-e-type=\"container\">\n\t\t\t\t<div class=\"elementor-element elementor-element-061a9fb elementor-widget__width-initial elementor-widget elementor-widget-google_maps\" data-id=\"061a9fb\" data-element_type=\"widget\" data-e-type=\"widget\" data-widget_type=\"google_maps.default\">\n\t\t\t\t<div class=\"elementor-widget-container\">\n\t\t\t\t\t\t\t<div class=\"elementor-custom-embed\">\n\t\t\t<iframe loading=\"lazy\"\n\t\t\t\t\tsrc=\"https:\/\/maps.google.com\/maps?q=La%20Natte%20%C3%A0%20Chats%20285%20Rue%20de%20Vaugirard%2075015%20PARIS&#038;t=m&#038;z=17&#038;output=embed&#038;iwloc=near\"\n\t\t\t\t\ttitle=\"La Natte \u00e0 Chats 285 Rue de Vaugirard 75015 PARIS\"\n\t\t\t\t\taria-label=\"La Natte \u00e0 Chats 285 Rue de Vaugirard 75015 PARIS\"\n\t\t\t><\/iframe>\n\t\t<\/div>\n\t\t\t\t\t\t<\/div>\n\t\t\t\t<\/div>\n\t\t\t\t<\/div>\n\t\t\t\t\t<\/div>\n\t\t\t\t<\/div>\n\t\t\t\t<\/div>\n\t\t","protected":false},"excerpt":{"rendered":"<p>Nous serions ravis de r\u00e9pondre \u00e0 toutes vos questions et de discuter de vos besoins en mati\u00e8re d&#8217;adoption de chatons si vous avez \u00e9t\u00e9 charm\u00e9 par notre mode d&#8217;\u00e9ducation, la race ou bien que vous ayez tout simplement envie d&#8217;agrandir votre famille. N&#8217;h\u00e9sitez pas \u00e0 nous contacter ! Nos Coordonn\u00e9es : T\u00e9l\u00e9phone : +33 6 [&hellip;]<\/p>\n","protected":false},"author":1,"featured_media":0,"parent":0,"menu_order":0,"comment_status":"closed","ping_status":"closed","template":"","meta":{"footnotes":""},"class_list":["post-43","page","type-page","status-publish","hentry"],"_links":{"self":[{"href":"https:\/\/chatslounge.pet\/index.php\/wp-json\/wp\/v2\/pages\/43","targetHints":{"allow":["GET"]}}],"collection":[{"href":"https:\/\/chatslounge.pet\/index.php\/wp-json\/wp\/v2\/pages"}],"about":[{"href":"https:\/\/chatslounge.pet\/index.php\/wp-json\/wp\/v2\/types\/page"}],"author":[{"embeddable":true,"href":"https:\/\/chatslounge.pet\/index.php\/wp-json\/wp\/v2\/users\/1"}],"replies":[{"embeddable":true,"href":"https:\/\/chatslounge.pet\/index.php\/wp-json\/wp\/v2\/comments?post=43"}],"version-history":[{"count":67,"href":"https:\/\/chatslounge.pet\/index.php\/wp-json\/wp\/v2\/pages\/43\/revisions"}],"predecessor-version":[{"id":408,"href":"https:\/\/chatslounge.pet\/index.php\/wp-json\/wp\/v2\/pages\/43\/revisions\/408"}],"wp:attachment":[{"href":"https:\/\/chatslounge.pet\/index.php\/wp-json\/wp\/v2\/media?parent=43"}],"curies":[{"name":"wp","href":"https:\/\/api.w.org\/{rel}","templated":true}]}}