{"id":20,"date":"2024-03-21T11:21:29","date_gmt":"2024-03-21T10:21:29","guid":{"rendered":"https:\/\/chatslounge.pet\/?page_id=20"},"modified":"2024-07-06T20:08:49","modified_gmt":"2024-07-06T18:08:49","slug":"les-chats-lounge","status":"publish","type":"page","link":"https:\/\/chatslounge.pet\/","title":{"rendered":"Les Chats Lounge"},"content":{"rendered":"\t\t<div data-elementor-type=\"wp-page\" data-elementor-id=\"20\" class=\"elementor elementor-20\" data-elementor-post-type=\"page\">\n\t\t\t\t<div class=\"elementor-element elementor-element-3439224 e-flex e-con-boxed e-con e-parent\" data-id=\"3439224\" data-element_type=\"container\" data-e-type=\"container\">\n\t\t\t\t\t<div class=\"e-con-inner\">\n\t\t\t\t<div class=\"elementor-element elementor-element-0b77d9b elementor-widget elementor-widget-text-editor\" data-id=\"0b77d9b\" data-element_type=\"widget\" data-e-type=\"widget\" data-widget_type=\"text-editor.default\">\n\t\t\t\t<div class=\"elementor-widget-container\">\n\t\t\t\t\t\t\t\t\t<p>Les Chats Lounge, c&#8217;est un \u00e9levage familial en plein c\u0153ur de Paris, sp\u00e9cialis\u00e9 dans les chats d&#8217;int\u00e9rieur.<\/p><p><strong><em>Nos chats, \u00e9lev\u00e9s avec amour et attention, sont parfaitement adapt\u00e9s \u00e0 la vie en appartement.\u00a0<\/em><\/strong><\/p><p>Contrairement aux chats ayant grandi avec un acc\u00e8s \u00e0 l&#8217;ext\u00e9rieur, <strong>nos Norv\u00e9giens trouvent leur bonheur dans le confort de votre salon<\/strong>, offrant ainsi une compagnie apaisante et <strong>respectueuse de votre espace de vie<\/strong>. Nous nous engageons \u00e0 vous offrir des compagnons de vie c\u00e2lins, doux et respectueux du mobilier, gr\u00e2ce \u00e0 notre m\u00e9thode d&#8217;\u00e9ducation o\u00f9 les chatons naissent, grandissent et <strong>vivent avec nous au sein de notre appartement<\/strong> o\u00f9 nous sommes pr\u00e9sents en permanence.<\/p><p>Mais alors quelle est la <strong>diff\u00e9rence<\/strong> fondamentale entre un <strong>\u00e9levage familial<\/strong> et une <strong>chatterie traditionnelle ?<\/strong><\/p><p><span style=\"color: var( --e-global-color-accent ); font-family: var( --e-global-typography-accent-font-family ), Sans-serif; text-align: var(--text-align); font-size: 1rem;\">Pour les futurs adoptants citadins, ce nouvel environnement que vous leur offrez, c&#8217;est-\u00e0-dire votre appartement, ne convient malheureusement pas toujours aux chats ayant grandi dans des chatteries traditionnelles. Les chatons ayant v\u00e9cu dans des box, avec tr\u00e8s peu de contact humain et un acc\u00e8s encadr\u00e9 \u00e0 l&#8217;ext\u00e9rieur, sont alors frustr\u00e9s par le manque de libert\u00e9 qu&#8217;offre un appartement o\u00f9 l&#8217;acc\u00e8s \u00e0 l&#8217;ext\u00e9rieur leur est proscrit et o\u00f9 les meubles humains leur sont inconnus.<\/span><span style=\"color: var( --e-global-color-accent ); font-family: var( --e-global-typography-accent-font-family ), Sans-serif; text-align: var(--text-align); font-size: 1rem;\">\u00a0Cela engendre un stress naturel li\u00e9 \u00e0 ce manque de libert\u00e9, rendant le chat malheureux qui d\u00e9veloppera des sympt\u00f4mes propre \u00e0 sa d\u00e9prime et des probl\u00e8mes de comportements. Evidemment un comportementaliste animalier saura r\u00e9gler le probl\u00e8me, mais cela prendra du temps et n\u00e9cessitera des co\u00fbts suppl\u00e9mentaire.<\/span><\/p><p>Il faut aussi comprendre que le comportement du chat se d\u00e9finit non seulement par nature, car oui, chacun des petits naissent avec une personnalit\u00e9 qui leur est propre, mais leur comportement se fa\u00e7onne surtout durant les 3 premiers mois de leur vie. <br \/>Un chaton qui grandit loin des humains et \u00e9tant peu manipul\u00e9 n&#8217;aura pas confiance en eux, et sera m\u00e9fiant voir agressif envers notre esp\u00e8ce, car ils n&#8217;aura jamais rien connus d&#8217;autre que sa m\u00e8re et ses fr\u00e8res et s\u0153urs. Ce comportement une fois adulte est malheureusement tr\u00e8s difficilement r\u00e9versible.<\/p><p>Ce type de chatterie peut tr\u00e8s bien convenir aux personnes habitants \u00e0 la campagne o\u00f9 leur chat vas et viens hors de la maison et se balade dans le village.\u00a0<br \/>Alors d\u00e9cidez d&#8217;adopter un chaton dont le mode de vie convient \u00e0 son futur environnement !<\/p><p>L&#8217;\u00e9levage pour nous c&#8217;est une r\u00e9elle passion partag\u00e9e en famille pour ces magnifiques f\u00e9lins depuis plus de 20 ans, avec un soin particulier apport\u00e9 \u00e0 leur bien-\u00eatre et \u00e0 leur d\u00e9veloppement. Nos chats sont manipul\u00e9s et chouchout\u00e9 d\u00e8s leur plus jeune \u00e2ge, ce qui les rend extr\u00eamement maniable, attach\u00e9s \u00e0 l&#8217;humain et parfaitement sociables, et ce m\u00eame avec les personnes qui leurs sont inconnus.<\/p><p><strong>LA RACE<\/strong><\/p><p><span style=\"text-align: var(--text-align);\">Le chat norv\u00e9gien, ou &#8220;Chat des For\u00eats Norv\u00e9giennes&#8221;, est un f\u00e9lin majestueux et \u00e9l\u00e9gant, dot\u00e9 d&#8217;un pelage \u00e9pais et soyeux.<br \/><\/span><span style=\"color: var( --e-global-color-accent ); font-family: var( --e-global-typography-accent-font-family ), Sans-serif; text-align: var(--text-align); font-size: 1rem;\">Semblable au Maine Coon mais plus svelte, il combine robustesse et gr\u00e2ce, de plus c<\/span><span style=\"text-align: var(--text-align); color: var( --e-global-color-accent ); font-family: var( --e-global-typography-accent-font-family ), Sans-serif; font-size: 1rem;\">ontrairement \u00e0 ce dernier, le chat norv\u00e9gien est hypoallerg\u00e9nique gr\u00e2ce \u00e0 sa salive qui produit moins de prot\u00e9ines allergisantes, le rendant ainsi id\u00e9al pour les personnes souffrant d&#8217;allergies. Son caract\u00e8re doux et affectueux en fait un compagnon id\u00e9al, apportant chaleur et s\u00e9r\u00e9nit\u00e9 \u00e0 tout foyer.\u00a0<br \/>Tous nos chats\u00a0<\/span><span style=\"color: var( --e-global-color-accent ); font-family: var( --e-global-typography-accent-font-family ), Sans-serif; text-align: var(--text-align); font-size: 1rem;\">sont de pure race, inscrits au LOOF (Livre Officiel des Origines F\u00e9lines).<\/span><\/p><p><span style=\"color: var( --e-global-color-accent ); font-family: var( --e-global-typography-accent-font-family ), Sans-serif; text-align: var(--text-align); font-size: 1rem;\">Nous <\/span><span style=\"color: var( --e-global-color-accent ); font-family: var( --e-global-typography-accent-font-family ), Sans-serif; text-align: var(--text-align); font-size: 1rem;\">vous <\/span><span style=\"color: var( --e-global-color-accent ); font-family: var( --e-global-typography-accent-font-family ), Sans-serif; text-align: var(--text-align); font-size: 1rem;\">invitons \u00e0 d\u00e9couvrir nos adorables compagnons \u00e0 travers notre site, ainsi que les diff\u00e9rents services que nous proposons en parall\u00e8le.<\/span><\/p><p>Pour plus de renseignements n&#8217;h\u00e9sitez pas \u00e0 vous rendre sur la page contact.<\/p>\t\t\t\t\t\t\t\t<\/div>\n\t\t\t\t<\/div>\n\t\t\t\t\t<\/div>\n\t\t\t\t<\/div>\n\t\t<footer class=\"elementor-element elementor-element-572e637b e-con-full e-flex e-con e-parent\" data-id=\"572e637b\" data-element_type=\"container\" data-e-type=\"container\">\n\t\t<div class=\"elementor-element elementor-element-219bf7de e-con-full e-flex e-con e-child\" data-id=\"219bf7de\" data-element_type=\"container\" data-e-type=\"container\">\n\t\t\t\t<div class=\"elementor-element elementor-element-2eda5958 elementor-widget elementor-widget-image\" data-id=\"2eda5958\" data-element_type=\"widget\" data-e-type=\"widget\" data-widget_type=\"image.default\">\n\t\t\t\t<div class=\"elementor-widget-container\">\n\t\t\t\t\t\t\t\t\t\t\t\t\t\t\t<img decoding=\"async\" src=\"https:\/\/chatslounge.pet\/wp-content\/plugins\/elementor\/assets\/images\/placeholder.png\" title=\"\" alt=\"\" loading=\"lazy\" \/>\t\t\t\t\t\t\t\t\t\t\t\t\t\t\t<\/div>\n\t\t\t\t<\/div>\n\t\t\t\t<\/div>\n\t\t<div class=\"elementor-element elementor-element-42fff365 e-con-full e-flex e-con e-child\" data-id=\"42fff365\" data-element_type=\"container\" data-e-type=\"container\">\n\t\t\t\t<div class=\"elementor-element elementor-element-2f6ad2c7 elementor-icon-list--layout-inline elementor-tablet-align-center elementor-align-center elementor-list-item-link-full_width elementor-widget elementor-widget-icon-list\" data-id=\"2f6ad2c7\" data-element_type=\"widget\" data-e-type=\"widget\" data-widget_type=\"icon-list.default\">\n\t\t\t\t<div class=\"elementor-widget-container\">\n\t\t\t\t\t\t\t<ul class=\"elementor-icon-list-items elementor-inline-items\">\n\t\t\t\t\t\t\t<li class=\"elementor-icon-list-item elementor-inline-item\">\n\t\t\t\t\t\t\t\t\t\t<span class=\"elementor-icon-list-text\">123-456-7890<\/span>\n\t\t\t\t\t\t\t\t\t<\/li>\n\t\t\t\t\t\t\t\t<li class=\"elementor-icon-list-item elementor-inline-item\">\n\t\t\t\t\t\t\t\t\t\t<span class=\"elementor-icon-list-text\">123 Main Street, New York, NY 10001<\/span>\n\t\t\t\t\t\t\t\t\t<\/li>\n\t\t\t\t\t\t\t\t<li class=\"elementor-icon-list-item elementor-inline-item\">\n\t\t\t\t\t\t\t\t\t\t<span class=\"elementor-icon-list-text\">Mon-Fri 9:00AM - 5:00PM<\/span>\n\t\t\t\t\t\t\t\t\t<\/li>\n\t\t\t\t\t\t<\/ul>\n\t\t\t\t\t\t<\/div>\n\t\t\t\t<\/div>\n\t\t\t\t<\/div>\n\t\t<div class=\"elementor-element elementor-element-60425713 e-con-full e-flex e-con e-child\" data-id=\"60425713\" data-element_type=\"container\" data-e-type=\"container\">\n\t\t\t\t<div class=\"elementor-element elementor-element-6f5693f e-grid-align-right e-grid-align-tablet-right e-grid-align-mobile-center elementor-widget-mobile__width-inherit elementor-shape-rounded elementor-grid-0 elementor-widget elementor-widget-social-icons\" data-id=\"6f5693f\" data-element_type=\"widget\" data-e-type=\"widget\" data-widget_type=\"social-icons.default\">\n\t\t\t\t<div class=\"elementor-widget-container\">\n\t\t\t\t\t\t\t<div class=\"elementor-social-icons-wrapper elementor-grid\" role=\"list\">\n\t\t\t\t\t\t\t<span class=\"elementor-grid-item\" role=\"listitem\">\n\t\t\t\t\t<a class=\"elementor-icon elementor-social-icon elementor-social-icon-facebook-f elementor-repeater-item-3f1b7ac\" target=\"_blank\">\n\t\t\t\t\t\t<span class=\"elementor-screen-only\">Facebook-f<\/span>\n\t\t\t\t\t\t<svg aria-hidden=\"true\" class=\"e-font-icon-svg e-fab-facebook-f\" viewBox=\"0 0 320 512\" xmlns=\"http:\/\/www.w3.org\/2000\/svg\"><path d=\"M279.14 288l14.22-92.66h-88.91v-60.13c0-25.35 12.42-50.06 52.24-50.06h40.42V6.26S260.43 0 225.36 0c-73.22 0-121.08 44.38-121.08 124.72v70.62H22.89V288h81.39v224h100.17V288z\"><\/path><\/svg>\t\t\t\t\t<\/a>\n\t\t\t\t<\/span>\n\t\t\t\t\t\t\t<span class=\"elementor-grid-item\" role=\"listitem\">\n\t\t\t\t\t<a class=\"elementor-icon elementor-social-icon elementor-social-icon- elementor-repeater-item-5c0ce3c\" target=\"_blank\">\n\t\t\t\t\t\t<span class=\"elementor-screen-only\"><\/span>\n\t\t\t\t\t\t\t\t\t\t\t<\/a>\n\t\t\t\t<\/span>\n\t\t\t\t\t\t\t<span class=\"elementor-grid-item\" role=\"listitem\">\n\t\t\t\t\t<a class=\"elementor-icon elementor-social-icon elementor-social-icon-twitter elementor-repeater-item-828f132\" target=\"_blank\">\n\t\t\t\t\t\t<span class=\"elementor-screen-only\">Twitter<\/span>\n\t\t\t\t\t\t<svg aria-hidden=\"true\" class=\"e-font-icon-svg e-fab-twitter\" viewBox=\"0 0 512 512\" xmlns=\"http:\/\/www.w3.org\/2000\/svg\"><path d=\"M459.37 151.716c.325 4.548.325 9.097.325 13.645 0 138.72-105.583 298.558-298.558 298.558-59.452 0-114.68-17.219-161.137-47.106 8.447.974 16.568 1.299 25.34 1.299 49.055 0 94.213-16.568 130.274-44.832-46.132-.975-84.792-31.188-98.112-72.772 6.498.974 12.995 1.624 19.818 1.624 9.421 0 18.843-1.3 27.614-3.573-48.081-9.747-84.143-51.98-84.143-102.985v-1.299c13.969 7.797 30.214 12.67 47.431 13.319-28.264-18.843-46.781-51.005-46.781-87.391 0-19.492 5.197-37.36 14.294-52.954 51.655 63.675 129.3 105.258 216.365 109.807-1.624-7.797-2.599-15.918-2.599-24.04 0-57.828 46.782-104.934 104.934-104.934 30.213 0 57.502 12.67 76.67 33.137 23.715-4.548 46.456-13.32 66.599-25.34-7.798 24.366-24.366 44.833-46.132 57.827 21.117-2.273 41.584-8.122 60.426-16.243-14.292 20.791-32.161 39.308-52.628 54.253z\"><\/path><\/svg>\t\t\t\t\t<\/a>\n\t\t\t\t<\/span>\n\t\t\t\t\t<\/div>\n\t\t\t\t\t\t<\/div>\n\t\t\t\t<\/div>\n\t\t\t\t<\/div>\n\t\t\t\t<\/footer>\n\t\t<div class=\"elementor-element elementor-element-627f48b0 e-con-full e-flex e-con e-parent\" data-id=\"627f48b0\" data-element_type=\"container\" data-e-type=\"container\" data-settings=\"{&quot;background_background&quot;:&quot;classic&quot;}\">\n\t\t\t\t<div class=\"elementor-element elementor-element-2a8626da elementor-widget elementor-widget-heading\" data-id=\"2a8626da\" data-element_type=\"widget\" data-e-type=\"widget\" data-widget_type=\"heading.default\">\n\t\t\t\t<div class=\"elementor-widget-container\">\n\t\t\t\t\t<p class=\"elementor-heading-title elementor-size-default\">\u00a9 2026 All Rights Reserved.<\/p>\t\t\t\t<\/div>\n\t\t\t\t<\/div>\n\t\t\t\t<\/div>\n\t\t\t\t<\/div>\n\t\t","protected":false},"excerpt":{"rendered":"<p>Les Chats Lounge, c&#8217;est un \u00e9levage familial en plein c\u0153ur de Paris, sp\u00e9cialis\u00e9 dans les chats d&#8217;int\u00e9rieur. Nos chats, \u00e9lev\u00e9s avec amour et attention, sont parfaitement adapt\u00e9s \u00e0 la vie en appartement.\u00a0 Contrairement aux chats ayant grandi avec un acc\u00e8s \u00e0 l&#8217;ext\u00e9rieur, nos Norv\u00e9giens trouvent leur bonheur dans le confort de votre salon, offrant ainsi [&hellip;]<\/p>\n","protected":false},"author":1,"featured_media":0,"parent":0,"menu_order":0,"comment_status":"closed","ping_status":"closed","template":"","meta":{"footnotes":""},"class_list":["post-20","page","type-page","status-publish","hentry"],"_links":{"self":[{"href":"https:\/\/chatslounge.pet\/index.php\/wp-json\/wp\/v2\/pages\/20","targetHints":{"allow":["GET"]}}],"collection":[{"href":"https:\/\/chatslounge.pet\/index.php\/wp-json\/wp\/v2\/pages"}],"about":[{"href":"https:\/\/chatslounge.pet\/index.php\/wp-json\/wp\/v2\/types\/page"}],"author":[{"embeddable":true,"href":"https:\/\/chatslounge.pet\/index.php\/wp-json\/wp\/v2\/users\/1"}],"replies":[{"embeddable":true,"href":"https:\/\/chatslounge.pet\/index.php\/wp-json\/wp\/v2\/comments?post=20"}],"version-history":[{"count":58,"href":"https:\/\/chatslounge.pet\/index.php\/wp-json\/wp\/v2\/pages\/20\/revisions"}],"predecessor-version":[{"id":405,"href":"https:\/\/chatslounge.pet\/index.php\/wp-json\/wp\/v2\/pages\/20\/revisions\/405"}],"wp:attachment":[{"href":"https:\/\/chatslounge.pet\/index.php\/wp-json\/wp\/v2\/media?parent=20"}],"curies":[{"name":"wp","href":"https:\/\/api.w.org\/{rel}","templated":true}]}}